{"id":1692,"date":"2026-03-26T18:19:31","date_gmt":"2026-03-26T18:19:31","guid":{"rendered":"https:\/\/afghanioil.fr\/?page_id=1692"},"modified":"2026-03-26T18:20:14","modified_gmt":"2026-03-26T18:20:14","slug":"politica-de-devoluciones-y-reembolsos","status":"publish","type":"page","link":"https:\/\/afghanioil.fr\/es\/politica-de-devoluciones-y-reembolsos\/","title":{"rendered":"Pol\u00edtica de devoluciones y reembolsos"},"content":{"rendered":"<style>.elementor-1692 .elementor-element.elementor-element-4347327:not(.elementor-motion-effects-element-type-background), .elementor-1692 .elementor-element.elementor-element-4347327 > .elementor-motion-effects-container > .elementor-motion-effects-layer{background-color:transparent;background-image:linear-gradient(180deg, var( --e-global-color-secondary ) 0%, var( --e-global-color-1438c41 ) 100%);}.elementor-1692 .elementor-element.elementor-element-4347327 > .elementor-background-overlay{background-image:url(\"https:\/\/afghanioil.fr\/wp-content\/uploads\/2025\/08\/shadow_04.png\");background-position:-130px -700px;background-repeat:no-repeat;background-size:cover;opacity:0.18;transition:background 0.3s, border-radius 0.3s, opacity 0.3s;}.elementor-1692 .elementor-element.elementor-element-4347327{transition:background 0.3s, border 0.3s, border-radius 0.3s, box-shadow 0.3s;margin-top:0px;margin-bottom:0px;padding:200px 0px 100px 0px;}.elementor-1692 .elementor-element.elementor-element-76daa4c.elementor-column > .elementor-widget-wrap{justify-content:center;}.elementor-1692 .elementor-element.elementor-element-76daa4c > .elementor-element-populated{margin:0px 50px 0px 0px;--e-column-margin-right:50px;--e-column-margin-left:0px;padding:0px 0px 0px 0px;}.elementor-1692 .elementor-element.elementor-element-24639be{width:auto;max-width:auto;}.elementor-1692 .elementor-element.elementor-element-6163b92{--display:flex;--margin-top:0px;--margin-bottom:30px;--margin-left:0px;--margin-right:0px;}:root{--page-title-display:none;}@media(max-width:1024px){.elementor-1692 .elementor-element.elementor-element-4347327 > .elementor-background-overlay{background-position:0px -134px;}.elementor-1692 .elementor-element.elementor-element-4347327{padding:140px 30px 100px 30px;}.elementor-1692 .elementor-element.elementor-element-76daa4c > .elementor-element-populated{margin:0px 0px 0px 0px;--e-column-margin-right:0px;--e-column-margin-left:0px;}}@media(max-width:767px){.elementor-1692 .elementor-element.elementor-element-4347327 > .elementor-background-overlay{background-position:-121px -9px;}.elementor-1692 .elementor-element.elementor-element-4347327{padding:150px 20px 50px 20px;}.elementor-1692 .elementor-element.elementor-element-76daa4c > .elementor-element-populated{margin:0px 0px 40px 0px;--e-column-margin-right:0px;--e-column-margin-left:0px;}.elementor-1692 .elementor-element.elementor-element-24639be{text-align:center;}}<\/style>\t\t<div data-elementor-type=\"wp-page\" data-elementor-id=\"1692\" class=\"elementor elementor-1692\" data-elementor-post-type=\"page\">\n\t\t\t\t\t\t<section class=\"elementor-section elementor-top-section elementor-element elementor-element-4347327 elementor-section-boxed elementor-section-height-default elementor-section-height-default\" data-id=\"4347327\" data-element_type=\"section\" data-e-type=\"section\" data-settings=\"{&quot;background_background&quot;:&quot;gradient&quot;}\">\n\t\t\t\t\t\t\t<div class=\"elementor-background-overlay\"><\/div>\n\t\t\t\t\t\t\t<div class=\"elementor-container elementor-column-gap-default\">\n\t\t\t\t\t<div class=\"elementor-column elementor-col-100 elementor-top-column elementor-element elementor-element-76daa4c\" data-id=\"76daa4c\" data-element_type=\"column\" data-e-type=\"column\">\n\t\t\t<div class=\"elementor-widget-wrap elementor-element-populated\">\n\t\t\t\t\t\t\t<\/div>\n\t\t<\/div>\n\t\t\t\t\t<\/div>\n\t\t<\/section>\n\t\t<div class=\"elementor-element elementor-element-6163b92 e-flex e-con-boxed e-con e-parent\" data-id=\"6163b92\" data-element_type=\"container\" data-e-type=\"container\">\n\t\t\t\t\t<div class=\"e-con-inner\">\n\t\t\t\t<div class=\"elementor-element elementor-element-92d21fa elementor-widget elementor-widget-text-editor\" data-id=\"92d21fa\" data-element_type=\"widget\" data-e-type=\"widget\" data-widget_type=\"text-editor.default\">\n\t\t\t\t\t\t\t\t\t<p><strong>Afghani Oil<\/strong><\/p><p>Esta pol\u00edtica se aplica a los pedidos realizados en <strong><a href=\"http:\/\/www.afghanioil.fr\/\">www.afghanioil.fr<\/a><\/strong>.<\/p><h2>1. Derecho de desistimiento<\/h2><p>El cliente dispone de <strong>14 d\u00edas<\/strong> para desistir de su compra.<\/p><p>Afghani Oil ofrece hasta <strong>30 d\u00edas<\/strong> bajo condiciones.<\/p><h2>2. Condiciones<\/h2><p>Producto nuevo, sin usar, sin abrir.<\/p><p>Productos cosm\u00e9ticos abiertos no se aceptan.<\/p><h2>3. Reembolso<\/h2><p>Se realiza tras validaci\u00f3n.<\/p><h2>4. Retrasos<\/h2><p>Contactar banco y luego soporte.<\/p><p>\ud83d\udce7 <a href=\"mailto:contact@afghanioil.fr\">contact@afghanioil.fr<\/a><\/p><h2>5. Promociones<\/h2><p>Mismas condiciones.<\/p><h2>6. Regalos<\/h2><p>Vale o reembolso seg\u00fan caso.<\/p><h2>7. Direcci\u00f3n de devoluci\u00f3n<\/h2><p><strong>Beauty Temple<\/strong><br \/>16 avenue Maurice<br \/>69200 V\u00e9nissieux<br \/>Francia<\/p><h2>Reclamaciones<\/h2><h2>1. Art\u00edculos faltantes<\/h2><p>3 d\u00edas para reclamar.<\/p><h2>2. Paquete entregado no recibido<\/h2><p>7 d\u00edas.<\/p><h2>SMS y datos<\/h2><p>Datos no vendidos. STOP para cancelar.<\/p>\t\t\t\t\t\t\t\t<\/div>\n\t\t\t\t\t<\/div>\n\t\t\t\t<\/div>\n\t\t\t\t<\/div>","protected":false},"excerpt":{"rendered":"<p>Afghani Oil Esta pol\u00edtica se aplica a los pedidos realizados en www.afghanioil.fr. 1. Derecho de desistimiento El cliente dispone de 14 d\u00edas para desistir de su compra. Afghani Oil ofrece hasta 30 d\u00edas bajo condiciones. 2. Condiciones Producto nuevo, sin usar, sin abrir. Productos cosm\u00e9ticos abiertos no se aceptan. 3. Reembolso Se realiza tras validaci\u00f3n. [&hellip;]<\/p>\n","protected":false},"author":1,"featured_media":0,"parent":0,"menu_order":0,"comment_status":"closed","ping_status":"closed","template":"","meta":{"_uag_custom_page_level_css":"","footnotes":""},"class_list":["post-1692","page","type-page","status-publish","hentry"],"yoast_head":"<!-- This site is optimized with the Yoast SEO plugin v27.4 - https:\/\/yoast.com\/product\/yoast-seo-wordpress\/ -->\n<title>Pol\u00edtica de devoluciones y reembolsos - Afghani Oil<\/title>\n<meta name=\"robots\" content=\"index, follow, max-snippet:-1, max-image-preview:large, max-video-preview:-1\" \/>\n<link rel=\"canonical\" href=\"https:\/\/afghanioil.fr\/es\/politica-de-devoluciones-y-reembolsos\/\" \/>\n<meta property=\"og:locale\" content=\"es_ES\" \/>\n<meta property=\"og:type\" content=\"article\" \/>\n<meta property=\"og:title\" content=\"Pol\u00edtica de devoluciones y reembolsos - Afghani Oil\" \/>\n<meta property=\"og:description\" content=\"Afghani Oil Esta pol\u00edtica se aplica a los pedidos realizados en www.afghanioil.fr. 1. Derecho de desistimiento El cliente dispone de 14 d\u00edas para desistir de su compra. Afghani Oil ofrece hasta 30 d\u00edas bajo condiciones. 2. Condiciones Producto nuevo, sin usar, sin abrir. Productos cosm\u00e9ticos abiertos no se aceptan. 3. Reembolso Se realiza tras validaci\u00f3n. [&hellip;]\" \/>\n<meta property=\"og:url\" content=\"https:\/\/afghanioil.fr\/es\/politica-de-devoluciones-y-reembolsos\/\" \/>\n<meta property=\"og:site_name\" content=\"Afghani Oil\" \/>\n<meta property=\"article:modified_time\" content=\"2026-03-26T18:20:14+00:00\" \/>\n<meta property=\"og:image\" content=\"https:\/\/afghanioil.fr\/wp-content\/uploads\/2025\/08\/product-scaled.png\" \/>\n\t<meta property=\"og:image:width\" content=\"2560\" \/>\n\t<meta property=\"og:image:height\" content=\"2272\" \/>\n\t<meta property=\"og:image:type\" content=\"image\/png\" \/>\n<meta name=\"twitter:card\" content=\"summary_large_image\" \/>\n<meta name=\"twitter:label1\" content=\"Tiempo de lectura\" \/>\n\t<meta name=\"twitter:data1\" content=\"1 minuto\" \/>\n<script type=\"application\/ld+json\" class=\"yoast-schema-graph\">{\"@context\":\"https:\\\/\\\/schema.org\",\"@graph\":[{\"@type\":\"WebPage\",\"@id\":\"https:\\\/\\\/afghanioil.fr\\\/es\\\/politica-de-devoluciones-y-reembolsos\\\/\",\"url\":\"https:\\\/\\\/afghanioil.fr\\\/es\\\/politica-de-devoluciones-y-reembolsos\\\/\",\"name\":\"Pol\u00edtica de devoluciones y reembolsos - Afghani Oil\",\"isPartOf\":{\"@id\":\"https:\\\/\\\/afghanioil.fr\\\/es\\\/#website\"},\"datePublished\":\"2026-03-26T18:19:31+00:00\",\"dateModified\":\"2026-03-26T18:20:14+00:00\",\"breadcrumb\":{\"@id\":\"https:\\\/\\\/afghanioil.fr\\\/es\\\/politica-de-devoluciones-y-reembolsos\\\/#breadcrumb\"},\"inLanguage\":\"es\",\"potentialAction\":[{\"@type\":\"ReadAction\",\"target\":[\"https:\\\/\\\/afghanioil.fr\\\/es\\\/politica-de-devoluciones-y-reembolsos\\\/\"]}]},{\"@type\":\"BreadcrumbList\",\"@id\":\"https:\\\/\\\/afghanioil.fr\\\/es\\\/politica-de-devoluciones-y-reembolsos\\\/#breadcrumb\",\"itemListElement\":[{\"@type\":\"ListItem\",\"position\":1,\"name\":\"Accueil\",\"item\":\"https:\\\/\\\/afghanioil.fr\\\/es\\\/\"},{\"@type\":\"ListItem\",\"position\":2,\"name\":\"Pol\u00edtica de devoluciones y reembolsos\"}]},{\"@type\":\"WebSite\",\"@id\":\"https:\\\/\\\/afghanioil.fr\\\/es\\\/#website\",\"url\":\"https:\\\/\\\/afghanioil.fr\\\/es\\\/\",\"name\":\"Afghani Oil\",\"description\":\"France\",\"publisher\":{\"@id\":\"https:\\\/\\\/afghanioil.fr\\\/es\\\/#organization\"},\"potentialAction\":[{\"@type\":\"SearchAction\",\"target\":{\"@type\":\"EntryPoint\",\"urlTemplate\":\"https:\\\/\\\/afghanioil.fr\\\/es\\\/?s={search_term_string}\"},\"query-input\":{\"@type\":\"PropertyValueSpecification\",\"valueRequired\":true,\"valueName\":\"search_term_string\"}}],\"inLanguage\":\"es\"},{\"@type\":\"Organization\",\"@id\":\"https:\\\/\\\/afghanioil.fr\\\/es\\\/#organization\",\"name\":\"Afghani Oil\",\"alternateName\":\"France\",\"url\":\"https:\\\/\\\/afghanioil.fr\\\/es\\\/\",\"logo\":{\"@type\":\"ImageObject\",\"inLanguage\":\"es\",\"@id\":\"https:\\\/\\\/afghanioil.fr\\\/es\\\/#\\\/schema\\\/logo\\\/image\\\/\",\"url\":\"https:\\\/\\\/afghanioil.fr\\\/wp-content\\\/uploads\\\/2025\\\/08\\\/product-scaled.png\",\"contentUrl\":\"https:\\\/\\\/afghanioil.fr\\\/wp-content\\\/uploads\\\/2025\\\/08\\\/product-scaled.png\",\"width\":2560,\"height\":2272,\"caption\":\"Afghani Oil\"},\"image\":{\"@id\":\"https:\\\/\\\/afghanioil.fr\\\/es\\\/#\\\/schema\\\/logo\\\/image\\\/\"}}]}<\/script>\n<!-- \/ Yoast SEO plugin. -->","yoast_head_json":{"title":"Pol\u00edtica de devoluciones y reembolsos - Afghani Oil","robots":{"index":"index","follow":"follow","max-snippet":"max-snippet:-1","max-image-preview":"max-image-preview:large","max-video-preview":"max-video-preview:-1"},"canonical":"https:\/\/afghanioil.fr\/es\/politica-de-devoluciones-y-reembolsos\/","og_locale":"es_ES","og_type":"article","og_title":"Pol\u00edtica de devoluciones y reembolsos - Afghani Oil","og_description":"Afghani Oil Esta pol\u00edtica se aplica a los pedidos realizados en www.afghanioil.fr. 1. Derecho de desistimiento El cliente dispone de 14 d\u00edas para desistir de su compra. Afghani Oil ofrece hasta 30 d\u00edas bajo condiciones. 2. Condiciones Producto nuevo, sin usar, sin abrir. Productos cosm\u00e9ticos abiertos no se aceptan. 3. Reembolso Se realiza tras validaci\u00f3n. [&hellip;]","og_url":"https:\/\/afghanioil.fr\/es\/politica-de-devoluciones-y-reembolsos\/","og_site_name":"Afghani Oil","article_modified_time":"2026-03-26T18:20:14+00:00","og_image":[{"width":2560,"height":2272,"url":"https:\/\/afghanioil.fr\/wp-content\/uploads\/2025\/08\/product-scaled.png","type":"image\/png"}],"twitter_card":"summary_large_image","twitter_misc":{"Tiempo de lectura":"1 minuto"},"schema":{"@context":"https:\/\/schema.org","@graph":[{"@type":"WebPage","@id":"https:\/\/afghanioil.fr\/es\/politica-de-devoluciones-y-reembolsos\/","url":"https:\/\/afghanioil.fr\/es\/politica-de-devoluciones-y-reembolsos\/","name":"Pol\u00edtica de devoluciones y reembolsos - Afghani Oil","isPartOf":{"@id":"https:\/\/afghanioil.fr\/es\/#website"},"datePublished":"2026-03-26T18:19:31+00:00","dateModified":"2026-03-26T18:20:14+00:00","breadcrumb":{"@id":"https:\/\/afghanioil.fr\/es\/politica-de-devoluciones-y-reembolsos\/#breadcrumb"},"inLanguage":"es","potentialAction":[{"@type":"ReadAction","target":["https:\/\/afghanioil.fr\/es\/politica-de-devoluciones-y-reembolsos\/"]}]},{"@type":"BreadcrumbList","@id":"https:\/\/afghanioil.fr\/es\/politica-de-devoluciones-y-reembolsos\/#breadcrumb","itemListElement":[{"@type":"ListItem","position":1,"name":"Accueil","item":"https:\/\/afghanioil.fr\/es\/"},{"@type":"ListItem","position":2,"name":"Pol\u00edtica de devoluciones y reembolsos"}]},{"@type":"WebSite","@id":"https:\/\/afghanioil.fr\/es\/#website","url":"https:\/\/afghanioil.fr\/es\/","name":"Afghani Oil","description":"France","publisher":{"@id":"https:\/\/afghanioil.fr\/es\/#organization"},"potentialAction":[{"@type":"SearchAction","target":{"@type":"EntryPoint","urlTemplate":"https:\/\/afghanioil.fr\/es\/?s={search_term_string}"},"query-input":{"@type":"PropertyValueSpecification","valueRequired":true,"valueName":"search_term_string"}}],"inLanguage":"es"},{"@type":"Organization","@id":"https:\/\/afghanioil.fr\/es\/#organization","name":"Afghani Oil","alternateName":"France","url":"https:\/\/afghanioil.fr\/es\/","logo":{"@type":"ImageObject","inLanguage":"es","@id":"https:\/\/afghanioil.fr\/es\/#\/schema\/logo\/image\/","url":"https:\/\/afghanioil.fr\/wp-content\/uploads\/2025\/08\/product-scaled.png","contentUrl":"https:\/\/afghanioil.fr\/wp-content\/uploads\/2025\/08\/product-scaled.png","width":2560,"height":2272,"caption":"Afghani Oil"},"image":{"@id":"https:\/\/afghanioil.fr\/es\/#\/schema\/logo\/image\/"}}]}},"uagb_featured_image_src":{"full":false,"thumbnail":false,"medium":false,"medium_large":false,"large":false,"1536x1536":false,"2048x2048":false,"trp-custom-language-flag":false,"woocommerce_thumbnail":false,"woocommerce_single":false,"woocommerce_gallery_thumbnail":false},"uagb_author_info":{"display_name":"Afghani Oil","author_link":"https:\/\/afghanioil.fr\/es\/author\/sm-ziyanigmail-com\/"},"uagb_comment_info":0,"uagb_excerpt":"Afghani Oil Esta pol\u00edtica se aplica a los pedidos realizados en www.afghanioil.fr. 1. Derecho de desistimiento El cliente dispone de 14 d\u00edas para desistir de su compra. Afghani Oil ofrece hasta 30 d\u00edas bajo condiciones. 2. Condiciones Producto nuevo, sin usar, sin abrir. Productos cosm\u00e9ticos abiertos no se aceptan. 3. Reembolso Se realiza tras validaci\u00f3n.&hellip;","jetpack_sharing_enabled":true,"_links":{"self":[{"href":"https:\/\/afghanioil.fr\/es\/wp-json\/wp\/v2\/pages\/1692","targetHints":{"allow":["GET"]}}],"collection":[{"href":"https:\/\/afghanioil.fr\/es\/wp-json\/wp\/v2\/pages"}],"about":[{"href":"https:\/\/afghanioil.fr\/es\/wp-json\/wp\/v2\/types\/page"}],"author":[{"embeddable":true,"href":"https:\/\/afghanioil.fr\/es\/wp-json\/wp\/v2\/users\/1"}],"replies":[{"embeddable":true,"href":"https:\/\/afghanioil.fr\/es\/wp-json\/wp\/v2\/comments?post=1692"}],"version-history":[{"count":0,"href":"https:\/\/afghanioil.fr\/es\/wp-json\/wp\/v2\/pages\/1692\/revisions"}],"wp:attachment":[{"href":"https:\/\/afghanioil.fr\/es\/wp-json\/wp\/v2\/media?parent=1692"}],"curies":[{"name":"wp","href":"https:\/\/api.w.org\/{rel}","templated":true}]}}