{"id":1702,"date":"2026-03-26T18:22:52","date_gmt":"2026-03-26T18:22:52","guid":{"rendered":"https:\/\/afghanioil.fr\/?page_id=1702"},"modified":"2026-03-26T18:23:41","modified_gmt":"2026-03-26T18:23:41","slug":"ruckgabe-und-ruckerstattungsrichtlinie","status":"publish","type":"page","link":"https:\/\/afghanioil.fr\/de\/ruckgabe-und-ruckerstattungsrichtlinie\/","title":{"rendered":"R\u00fcckgabe- und R\u00fcckerstattungsrichtlinie"},"content":{"rendered":"<style>.elementor-1702 .elementor-element.elementor-element-4347327:not(.elementor-motion-effects-element-type-background), .elementor-1702 .elementor-element.elementor-element-4347327 > .elementor-motion-effects-container > .elementor-motion-effects-layer{background-color:transparent;background-image:linear-gradient(180deg, var( --e-global-color-secondary ) 0%, var( --e-global-color-1438c41 ) 100%);}.elementor-1702 .elementor-element.elementor-element-4347327 > .elementor-background-overlay{background-image:url(\"https:\/\/afghanioil.fr\/wp-content\/uploads\/2025\/08\/shadow_04.png\");background-position:-130px -700px;background-repeat:no-repeat;background-size:cover;opacity:0.18;transition:background 0.3s, border-radius 0.3s, opacity 0.3s;}.elementor-1702 .elementor-element.elementor-element-4347327{transition:background 0.3s, border 0.3s, border-radius 0.3s, box-shadow 0.3s;margin-top:0px;margin-bottom:0px;padding:200px 0px 100px 0px;}.elementor-1702 .elementor-element.elementor-element-76daa4c.elementor-column > .elementor-widget-wrap{justify-content:center;}.elementor-1702 .elementor-element.elementor-element-76daa4c > .elementor-element-populated{margin:0px 50px 0px 0px;--e-column-margin-right:50px;--e-column-margin-left:0px;padding:0px 0px 0px 0px;}.elementor-1702 .elementor-element.elementor-element-24639be{width:auto;max-width:auto;}.elementor-1702 .elementor-element.elementor-element-6163b92{--display:flex;--margin-top:0px;--margin-bottom:30px;--margin-left:0px;--margin-right:0px;}:root{--page-title-display:none;}@media(max-width:1024px){.elementor-1702 .elementor-element.elementor-element-4347327 > .elementor-background-overlay{background-position:0px -134px;}.elementor-1702 .elementor-element.elementor-element-4347327{padding:140px 30px 100px 30px;}.elementor-1702 .elementor-element.elementor-element-76daa4c > .elementor-element-populated{margin:0px 0px 0px 0px;--e-column-margin-right:0px;--e-column-margin-left:0px;}}@media(max-width:767px){.elementor-1702 .elementor-element.elementor-element-4347327 > .elementor-background-overlay{background-position:-121px -9px;}.elementor-1702 .elementor-element.elementor-element-4347327{padding:150px 20px 50px 20px;}.elementor-1702 .elementor-element.elementor-element-76daa4c > .elementor-element-populated{margin:0px 0px 40px 0px;--e-column-margin-right:0px;--e-column-margin-left:0px;}.elementor-1702 .elementor-element.elementor-element-24639be{text-align:center;}}<\/style>\t\t<div data-elementor-type=\"wp-page\" data-elementor-id=\"1702\" class=\"elementor elementor-1702\" data-elementor-post-type=\"page\">\n\t\t\t\t\t\t<section class=\"elementor-section elementor-top-section elementor-element elementor-element-4347327 elementor-section-boxed elementor-section-height-default elementor-section-height-default\" data-id=\"4347327\" data-element_type=\"section\" data-e-type=\"section\" data-settings=\"{&quot;background_background&quot;:&quot;gradient&quot;}\">\n\t\t\t\t\t\t\t<div class=\"elementor-background-overlay\"><\/div>\n\t\t\t\t\t\t\t<div class=\"elementor-container elementor-column-gap-default\">\n\t\t\t\t\t<div class=\"elementor-column elementor-col-100 elementor-top-column elementor-element elementor-element-76daa4c\" data-id=\"76daa4c\" data-element_type=\"column\" data-e-type=\"column\">\n\t\t\t<div class=\"elementor-widget-wrap elementor-element-populated\">\n\t\t\t\t\t\t\t<\/div>\n\t\t<\/div>\n\t\t\t\t\t<\/div>\n\t\t<\/section>\n\t\t<div class=\"elementor-element elementor-element-6163b92 e-flex e-con-boxed e-con e-parent\" data-id=\"6163b92\" data-element_type=\"container\" data-e-type=\"container\">\n\t\t\t\t\t<div class=\"e-con-inner\">\n\t\t\t\t<div class=\"elementor-element elementor-element-92d21fa elementor-widget elementor-widget-text-editor\" data-id=\"92d21fa\" data-element_type=\"widget\" data-e-type=\"widget\" data-widget_type=\"text-editor.default\">\n\t\t\t\t\t\t\t\t\t<p><strong>Afghani Oil<\/strong><\/p><p>G\u00fcltig f\u00fcr <strong><a href=\"http:\/\/www.afghanioil.fr\/\">www.afghanioil.fr<\/a><\/strong>.<\/p><h2>1. Widerrufsrecht<\/h2><p>14 Tage, erweitert auf 30 Tage.<\/p><h2>2. Bedingungen<\/h2><p>Neu, unbenutzt, unge\u00f6ffnet.<\/p><p>Kosmetik ge\u00f6ffnet = kein R\u00fcckgaberecht.<\/p><h2>3. R\u00fcckerstattung<\/h2><p>Nach Pr\u00fcfung.<\/p><h2>4. Verz\u00f6gerungen<\/h2><p>Bank kontaktieren.<\/p><p>\ud83d\udce7 <a href=\"mailto:contact@afghanioil.fr\">contact@afghanioil.fr<\/a><\/p><h2>5. Angebote<\/h2><p>Gleiche Bedingungen.<\/p><h2>6. Geschenke<\/h2><p>Gutschrift oder R\u00fcckerstattung.<\/p><h2>7. R\u00fccksendeadresse<\/h2><p><strong>Beauty Temple<\/strong><br \/>16 avenue Maurice<br \/>69200 V\u00e9nissieux<br \/>Frankreich<\/p><h2>Reklamationen<\/h2><p>3 Tage fehlende Artikel<br \/>7 Tage nicht erhalten<\/p><h2>SMS<\/h2><p>Daten gesch\u00fctzt, STOP zum Abmelden.<\/p>\t\t\t\t\t\t\t\t<\/div>\n\t\t\t\t\t<\/div>\n\t\t\t\t<\/div>\n\t\t\t\t<\/div>","protected":false},"excerpt":{"rendered":"<p>Afghani Oil G\u00fcltig f\u00fcr www.afghanioil.fr. 1. Widerrufsrecht 14 Tage, erweitert auf 30 Tage. 2. Bedingungen Neu, unbenutzt, unge\u00f6ffnet. Kosmetik ge\u00f6ffnet = kein R\u00fcckgaberecht. 3. R\u00fcckerstattung Nach Pr\u00fcfung. 4. Verz\u00f6gerungen Bank kontaktieren. \ud83d\udce7 contact@afghanioil.fr 5. Angebote Gleiche Bedingungen. 6. Geschenke Gutschrift oder R\u00fcckerstattung. 7. R\u00fccksendeadresse Beauty Temple16 avenue Maurice69200 V\u00e9nissieuxFrankreich Reklamationen 3 Tage fehlende Artikel7 Tage [&hellip;]<\/p>\n","protected":false},"author":1,"featured_media":0,"parent":0,"menu_order":0,"comment_status":"closed","ping_status":"closed","template":"","meta":{"_uag_custom_page_level_css":"","footnotes":""},"class_list":["post-1702","page","type-page","status-publish","hentry"],"yoast_head":"<!-- This site is optimized with the Yoast SEO plugin v27.4 - https:\/\/yoast.com\/product\/yoast-seo-wordpress\/ -->\n<title>R\u00fcckgabe- und R\u00fcckerstattungsrichtlinie - Afghani Oil<\/title>\n<meta name=\"robots\" content=\"index, follow, max-snippet:-1, max-image-preview:large, max-video-preview:-1\" \/>\n<link rel=\"canonical\" href=\"https:\/\/afghanioil.fr\/de\/ruckgabe-und-ruckerstattungsrichtlinie\/\" \/>\n<meta property=\"og:locale\" content=\"de_DE\" \/>\n<meta property=\"og:type\" content=\"article\" \/>\n<meta property=\"og:title\" content=\"R\u00fcckgabe- und R\u00fcckerstattungsrichtlinie - Afghani Oil\" \/>\n<meta property=\"og:description\" content=\"Afghani Oil G\u00fcltig f\u00fcr www.afghanioil.fr. 1. Widerrufsrecht 14 Tage, erweitert auf 30 Tage. 2. Bedingungen Neu, unbenutzt, unge\u00f6ffnet. Kosmetik ge\u00f6ffnet = kein R\u00fcckgaberecht. 3. R\u00fcckerstattung Nach Pr\u00fcfung. 4. Verz\u00f6gerungen Bank kontaktieren. \ud83d\udce7 contact@afghanioil.fr 5. Angebote Gleiche Bedingungen. 6. Geschenke Gutschrift oder R\u00fcckerstattung. 7. R\u00fccksendeadresse Beauty Temple16 avenue Maurice69200 V\u00e9nissieuxFrankreich Reklamationen 3 Tage fehlende Artikel7 Tage [&hellip;]\" \/>\n<meta property=\"og:url\" content=\"https:\/\/afghanioil.fr\/de\/ruckgabe-und-ruckerstattungsrichtlinie\/\" \/>\n<meta property=\"og:site_name\" content=\"Afghani Oil\" \/>\n<meta property=\"article:modified_time\" content=\"2026-03-26T18:23:41+00:00\" \/>\n<meta property=\"og:image\" content=\"https:\/\/afghanioil.fr\/wp-content\/uploads\/2025\/08\/product-scaled.png\" \/>\n\t<meta property=\"og:image:width\" content=\"2560\" \/>\n\t<meta property=\"og:image:height\" content=\"2272\" \/>\n\t<meta property=\"og:image:type\" content=\"image\/png\" \/>\n<meta name=\"twitter:card\" content=\"summary_large_image\" \/>\n<meta name=\"twitter:label1\" content=\"Gesch\u00e4tzte Lesezeit\" \/>\n\t<meta name=\"twitter:data1\" content=\"1\u00a0Minute\" \/>\n<script type=\"application\/ld+json\" class=\"yoast-schema-graph\">{\"@context\":\"https:\\\/\\\/schema.org\",\"@graph\":[{\"@type\":\"WebPage\",\"@id\":\"https:\\\/\\\/afghanioil.fr\\\/de\\\/ruckgabe-und-ruckerstattungsrichtlinie\\\/\",\"url\":\"https:\\\/\\\/afghanioil.fr\\\/de\\\/ruckgabe-und-ruckerstattungsrichtlinie\\\/\",\"name\":\"R\u00fcckgabe- und R\u00fcckerstattungsrichtlinie - Afghani Oil\",\"isPartOf\":{\"@id\":\"https:\\\/\\\/afghanioil.fr\\\/de\\\/#website\"},\"datePublished\":\"2026-03-26T18:22:52+00:00\",\"dateModified\":\"2026-03-26T18:23:41+00:00\",\"breadcrumb\":{\"@id\":\"https:\\\/\\\/afghanioil.fr\\\/de\\\/ruckgabe-und-ruckerstattungsrichtlinie\\\/#breadcrumb\"},\"inLanguage\":\"de\",\"potentialAction\":[{\"@type\":\"ReadAction\",\"target\":[\"https:\\\/\\\/afghanioil.fr\\\/de\\\/ruckgabe-und-ruckerstattungsrichtlinie\\\/\"]}]},{\"@type\":\"BreadcrumbList\",\"@id\":\"https:\\\/\\\/afghanioil.fr\\\/de\\\/ruckgabe-und-ruckerstattungsrichtlinie\\\/#breadcrumb\",\"itemListElement\":[{\"@type\":\"ListItem\",\"position\":1,\"name\":\"Accueil\",\"item\":\"https:\\\/\\\/afghanioil.fr\\\/de\\\/\"},{\"@type\":\"ListItem\",\"position\":2,\"name\":\"R\u00fcckgabe- und R\u00fcckerstattungsrichtlinie\"}]},{\"@type\":\"WebSite\",\"@id\":\"https:\\\/\\\/afghanioil.fr\\\/de\\\/#website\",\"url\":\"https:\\\/\\\/afghanioil.fr\\\/de\\\/\",\"name\":\"Afghani Oil\",\"description\":\"France\",\"publisher\":{\"@id\":\"https:\\\/\\\/afghanioil.fr\\\/de\\\/#organization\"},\"potentialAction\":[{\"@type\":\"SearchAction\",\"target\":{\"@type\":\"EntryPoint\",\"urlTemplate\":\"https:\\\/\\\/afghanioil.fr\\\/de\\\/?s={search_term_string}\"},\"query-input\":{\"@type\":\"PropertyValueSpecification\",\"valueRequired\":true,\"valueName\":\"search_term_string\"}}],\"inLanguage\":\"de\"},{\"@type\":\"Organization\",\"@id\":\"https:\\\/\\\/afghanioil.fr\\\/de\\\/#organization\",\"name\":\"Afghani Oil\",\"alternateName\":\"France\",\"url\":\"https:\\\/\\\/afghanioil.fr\\\/de\\\/\",\"logo\":{\"@type\":\"ImageObject\",\"inLanguage\":\"de\",\"@id\":\"https:\\\/\\\/afghanioil.fr\\\/de\\\/#\\\/schema\\\/logo\\\/image\\\/\",\"url\":\"https:\\\/\\\/afghanioil.fr\\\/wp-content\\\/uploads\\\/2025\\\/08\\\/product-scaled.png\",\"contentUrl\":\"https:\\\/\\\/afghanioil.fr\\\/wp-content\\\/uploads\\\/2025\\\/08\\\/product-scaled.png\",\"width\":2560,\"height\":2272,\"caption\":\"Afghani Oil\"},\"image\":{\"@id\":\"https:\\\/\\\/afghanioil.fr\\\/de\\\/#\\\/schema\\\/logo\\\/image\\\/\"}}]}<\/script>\n<!-- \/ Yoast SEO plugin. -->","yoast_head_json":{"title":"R\u00fcckgabe- und R\u00fcckerstattungsrichtlinie - Afghani Oil","robots":{"index":"index","follow":"follow","max-snippet":"max-snippet:-1","max-image-preview":"max-image-preview:large","max-video-preview":"max-video-preview:-1"},"canonical":"https:\/\/afghanioil.fr\/de\/ruckgabe-und-ruckerstattungsrichtlinie\/","og_locale":"de_DE","og_type":"article","og_title":"R\u00fcckgabe- und R\u00fcckerstattungsrichtlinie - Afghani Oil","og_description":"Afghani Oil G\u00fcltig f\u00fcr www.afghanioil.fr. 1. Widerrufsrecht 14 Tage, erweitert auf 30 Tage. 2. Bedingungen Neu, unbenutzt, unge\u00f6ffnet. Kosmetik ge\u00f6ffnet = kein R\u00fcckgaberecht. 3. R\u00fcckerstattung Nach Pr\u00fcfung. 4. Verz\u00f6gerungen Bank kontaktieren. \ud83d\udce7 contact@afghanioil.fr 5. Angebote Gleiche Bedingungen. 6. Geschenke Gutschrift oder R\u00fcckerstattung. 7. R\u00fccksendeadresse Beauty Temple16 avenue Maurice69200 V\u00e9nissieuxFrankreich Reklamationen 3 Tage fehlende Artikel7 Tage [&hellip;]","og_url":"https:\/\/afghanioil.fr\/de\/ruckgabe-und-ruckerstattungsrichtlinie\/","og_site_name":"Afghani Oil","article_modified_time":"2026-03-26T18:23:41+00:00","og_image":[{"width":2560,"height":2272,"url":"https:\/\/afghanioil.fr\/wp-content\/uploads\/2025\/08\/product-scaled.png","type":"image\/png"}],"twitter_card":"summary_large_image","twitter_misc":{"Gesch\u00e4tzte Lesezeit":"1\u00a0Minute"},"schema":{"@context":"https:\/\/schema.org","@graph":[{"@type":"WebPage","@id":"https:\/\/afghanioil.fr\/de\/ruckgabe-und-ruckerstattungsrichtlinie\/","url":"https:\/\/afghanioil.fr\/de\/ruckgabe-und-ruckerstattungsrichtlinie\/","name":"R\u00fcckgabe- und R\u00fcckerstattungsrichtlinie - Afghani Oil","isPartOf":{"@id":"https:\/\/afghanioil.fr\/de\/#website"},"datePublished":"2026-03-26T18:22:52+00:00","dateModified":"2026-03-26T18:23:41+00:00","breadcrumb":{"@id":"https:\/\/afghanioil.fr\/de\/ruckgabe-und-ruckerstattungsrichtlinie\/#breadcrumb"},"inLanguage":"de","potentialAction":[{"@type":"ReadAction","target":["https:\/\/afghanioil.fr\/de\/ruckgabe-und-ruckerstattungsrichtlinie\/"]}]},{"@type":"BreadcrumbList","@id":"https:\/\/afghanioil.fr\/de\/ruckgabe-und-ruckerstattungsrichtlinie\/#breadcrumb","itemListElement":[{"@type":"ListItem","position":1,"name":"Accueil","item":"https:\/\/afghanioil.fr\/de\/"},{"@type":"ListItem","position":2,"name":"R\u00fcckgabe- und R\u00fcckerstattungsrichtlinie"}]},{"@type":"WebSite","@id":"https:\/\/afghanioil.fr\/de\/#website","url":"https:\/\/afghanioil.fr\/de\/","name":"Afghani Oil","description":"France","publisher":{"@id":"https:\/\/afghanioil.fr\/de\/#organization"},"potentialAction":[{"@type":"SearchAction","target":{"@type":"EntryPoint","urlTemplate":"https:\/\/afghanioil.fr\/de\/?s={search_term_string}"},"query-input":{"@type":"PropertyValueSpecification","valueRequired":true,"valueName":"search_term_string"}}],"inLanguage":"de"},{"@type":"Organization","@id":"https:\/\/afghanioil.fr\/de\/#organization","name":"Afghani Oil","alternateName":"France","url":"https:\/\/afghanioil.fr\/de\/","logo":{"@type":"ImageObject","inLanguage":"de","@id":"https:\/\/afghanioil.fr\/de\/#\/schema\/logo\/image\/","url":"https:\/\/afghanioil.fr\/wp-content\/uploads\/2025\/08\/product-scaled.png","contentUrl":"https:\/\/afghanioil.fr\/wp-content\/uploads\/2025\/08\/product-scaled.png","width":2560,"height":2272,"caption":"Afghani Oil"},"image":{"@id":"https:\/\/afghanioil.fr\/de\/#\/schema\/logo\/image\/"}}]}},"uagb_featured_image_src":{"full":false,"thumbnail":false,"medium":false,"medium_large":false,"large":false,"1536x1536":false,"2048x2048":false,"trp-custom-language-flag":false,"woocommerce_thumbnail":false,"woocommerce_single":false,"woocommerce_gallery_thumbnail":false},"uagb_author_info":{"display_name":"Afghani Oil","author_link":"https:\/\/afghanioil.fr\/de\/author\/sm-ziyanigmail-com\/"},"uagb_comment_info":0,"uagb_excerpt":"Afghani Oil G\u00fcltig f\u00fcr www.afghanioil.fr. 1. Widerrufsrecht 14 Tage, erweitert auf 30 Tage. 2. Bedingungen Neu, unbenutzt, unge\u00f6ffnet. Kosmetik ge\u00f6ffnet = kein R\u00fcckgaberecht. 3. R\u00fcckerstattung Nach Pr\u00fcfung. 4. Verz\u00f6gerungen Bank kontaktieren. \ud83d\udce7 contact@afghanioil.fr 5. Angebote Gleiche Bedingungen. 6. Geschenke Gutschrift oder R\u00fcckerstattung. 7. R\u00fccksendeadresse Beauty Temple16 avenue Maurice69200 V\u00e9nissieuxFrankreich Reklamationen 3 Tage fehlende Artikel7 Tage&hellip;","jetpack_sharing_enabled":true,"_links":{"self":[{"href":"https:\/\/afghanioil.fr\/de\/wp-json\/wp\/v2\/pages\/1702","targetHints":{"allow":["GET"]}}],"collection":[{"href":"https:\/\/afghanioil.fr\/de\/wp-json\/wp\/v2\/pages"}],"about":[{"href":"https:\/\/afghanioil.fr\/de\/wp-json\/wp\/v2\/types\/page"}],"author":[{"embeddable":true,"href":"https:\/\/afghanioil.fr\/de\/wp-json\/wp\/v2\/users\/1"}],"replies":[{"embeddable":true,"href":"https:\/\/afghanioil.fr\/de\/wp-json\/wp\/v2\/comments?post=1702"}],"version-history":[{"count":0,"href":"https:\/\/afghanioil.fr\/de\/wp-json\/wp\/v2\/pages\/1702\/revisions"}],"wp:attachment":[{"href":"https:\/\/afghanioil.fr\/de\/wp-json\/wp\/v2\/media?parent=1702"}],"curies":[{"name":"wp","href":"https:\/\/api.w.org\/{rel}","templated":true}]}}